{"id":336,"date":"2024-07-29T17:32:36","date_gmt":"2024-07-29T17:32:36","guid":{"rendered":"https:\/\/taxivalenciatransfer.net\/?page_id=336"},"modified":"2025-05-01T11:36:25","modified_gmt":"2025-05-01T11:36:25","slug":"politica-de-cookies","status":"publish","type":"page","link":"https:\/\/taxivalenciatransfer.net\/en\/politica-de-cookies\/","title":{"rendered":"Cookie policy"},"content":{"rendered":"<div data-elementor-type=\"wp-page\" data-elementor-id=\"336\" class=\"elementor elementor-336\" data-elementor-post-type=\"page\">\n\t\t\t\t<div class=\"elementor-element elementor-element-2bb7371f e-flex e-con-boxed e-con e-parent\" data-id=\"2bb7371f\" data-element_type=\"container\" data-e-type=\"container\" data-settings=\"{&quot;background_background&quot;:&quot;classic&quot;}\">\n\t\t\t\t\t<div class=\"e-con-inner\">\n\t\t\t\t<div class=\"elementor-element elementor-element-f4e7a5 elementor-widget elementor-widget-heading\" data-id=\"f4e7a5\" data-element_type=\"widget\" data-e-type=\"widget\" data-widget_type=\"heading.default\">\n\t\t\t\t<div class=\"elementor-widget-container\">\n\t\t\t\t\t<h1 class=\"elementor-heading-title elementor-size-default\">Cookie policy<\/h1>\t\t\t\t<\/div>\n\t\t\t\t<\/div>\n\t\t\t\t\t<\/div>\n\t\t\t\t<\/div>\n\t\t<div class=\"elementor-element elementor-element-1b802d75 e-flex e-con-boxed e-con e-parent\" data-id=\"1b802d75\" data-element_type=\"container\" data-e-type=\"container\">\n\t\t\t\t\t<div class=\"e-con-inner\">\n\t\t\t\t<div class=\"elementor-element elementor-element-5b51b43b elementor-invisible elementor-widget elementor-widget-jkit_heading\" data-id=\"5b51b43b\" data-element_type=\"widget\" data-e-type=\"widget\" data-settings=\"{&quot;_animation&quot;:&quot;slideInDown&quot;}\" data-widget_type=\"jkit_heading.default\">\n\t\t\t\t<div class=\"elementor-widget-container\">\n\t\t\t\t\t<div  class=\"jeg-elementor-kit jkit-heading  align-left align-tablet- align-mobile- jeg_module___6a091754042a8\" ><div class=\"heading-section-title  display-inline-block\"><h2 class=\"heading-title\"><\/h2><\/div><div class=\"heading-section-description\"><p><em>This cookie policy was last updated on 29 July, 2024, and applies to citizens of the European Economic area.<\/em><\/p><h2>1. Introduction<\/h2><p>Our website, https:\/\/taxivalenciatransfer.net\/ (hereinafter: \u201cthe website\u201d) uses cookies and other related technologies (for convenience all technologies are referred to as \u201ccookies\u201d). Cookies may also be placed by third parties we have engaged. In the following document we inform you about the use of cookies on our website.<\/p><h2>2. What are cookies?<\/h2><p>A cookie is a small file that is sent along with pages of this website and stored by your browser on the hard disk of your computer or other device. The stored information can be returned to our servers or to the servers of the relevant third parties during a subsequent visit.<\/p><h2>3. What are scripts?<\/h2><p>A script is a piece of program code that is used to make our website function properly and interactively. This code is executed on our server or on your device.<\/p><h2>4. What is a web beacon?<\/h2><p>A web beacon (or a pixel tag) is a small, invisible piece of text or image on a website that is used to monitor traffic on the website. To do this, you store various data about you by using these web beacons.<\/p><h2>5. Cookies<\/h2><p>5.1 technical Cookies or functional<\/p><p>Some cookies ensure that certain parts of the website work properly and that your user preferences remain known. By placing functional cookies, we provide a visit to our web site. This way, you do not need to repeatedly enter the same information when you visit our web site and, for example, the items remain in your shopping cart until you have paid. We may place these cookies without your consent.<\/p><p>5.2 analytical Cookies<\/p><p>We use analytical cookies to optimise the website experience for our users. With these analytical cookies we get insights in the usage of our website. We ask your permission to insert analytics cookies.<\/p><p>5.3 marketing Cookies\/tracking<\/p><p>The marketing cookies\/tracking cookies, or other local storage, used to create user profiles to display advertisements or to make the tracking of the user on this website or on multiple websites for marketing purposes similar.<\/p><p>5.4 social media Buttons<\/p><p>On our website we have included buttons for Instagram to publicize pages (p. e. \u201clike, \u201cpin\u201d) or share (p. e. \u201ctweet\u201d) on social networks like Instagram. These buttons work using code Instagram themselves. This code embeds cookies. These social media buttons can store and process certain information, so you can be shown a custom ad.<\/p><p>Please read the privacy policy of these social networks (which can change frequently) to know what they do with your (personal) data which they process using these cookies. The data you receive are anonymised as much as possible. Instagram is located in the united States.<\/p><h2>Cookies used<\/h2><h2>6. Consent<\/h2><p>When you visit our web site for the first time, you will be shown a pop-up window with an explanation about cookies. As soon as you click the \u201cSave preferences\u201d, you authorize us to use the categories of cookies and plug-ins that you selected in the pop-up window, as described in this cookie policy. You can disable the use of cookies via your browser, but please note that it is possible that our website will no longer work properly.<\/p><h2>7. Your rights with respect to personal data<\/h2><p>You have the following rights with respect to your personal data:<\/p><ul><li>You have the right to know why we need your personal data, what will happen with them, and for how long it is retained.<\/li><li>Right of access: you Have the right to access the personal data that we know about you.<\/li><li>Right of rectification: you have the right to add to, correct, delete or block your personal data whenever you want.<\/li><li>If you give us your consent to process your data, you have the right to revoke that consent and to delete their personal data.<\/li><li>Right to transfer your data: you have the right to request all your personal data to the controller and transfer it in its entirety to another controller.<\/li><li>Right of objection: you may object to the processing of their data. We comply with this, unless there are justified reasons for the processing.<\/li><\/ul><p>To exercise these rights, please contact us. Please refer to the contact details at the bottom of this cookie statement. If you have a complaint about how we handle your data, we would like to hear from you, but you also have the right to submit a complaint to the supervisory authority (the Data Protection Authority).<\/p><h2>8. Enabling\/disabling and deleting cookies<\/h2><p>You can use your Internet browser to delete the cookies automatically or manually. You can also specify that certain cookies may not be placed. Another option is to change the settings of your Internet browser so that you receive a message each time a cookie is placed. For more information about these options, see the instructions in the Help section of your browser.<\/p><p>Please note that our web site may not operate properly if all cookies are disabled. If you clear the cookies from your browser, you will be placed after your consent when you return to visit our web sites.<\/p><h2>9. Contact details<\/h2><p>Sergio Cebri\u00e1n Brave<br \/>Avd. Retor Emilio Bayarri 9<\/p><p>46530 - Puzol Valencia<\/p><p>Web site:<\/p><p>https:\/\/taxivalenciatransfer.net\/<\/p><p>Phone number: 611108055<\/p><\/div><\/div>\t\t\t\t<\/div>\n\t\t\t\t<\/div>\n\t\t\t\t\t<\/div>\n\t\t\t\t<\/div>\n\t\t\t\t<\/div>","protected":false},"excerpt":{"rendered":"<p>Pol\u00edtica de Cookies Esta pol\u00edtica de cookies fue actualizada por \u00faltima vez en 29 Julio, 2024 y se aplica a los ciudadanos del Espacio Econ\u00f3mico Europeo. 1. Introducci\u00f3n Nuestro sitio web, https:\/\/taxivalenciatransfer.net\/\u00a0(en adelante: \u201cel sitio web\u201d) usa cookies y otras tecnolog\u00edas relacionadas (para mayor comodidad, todas las tecnolog\u00edas se denominar\u00e1n como \u201ccookies\u201d). Las cookies tambi\u00e9n [&hellip;]<\/p>","protected":false},"author":1,"featured_media":0,"parent":0,"menu_order":0,"comment_status":"closed","ping_status":"closed","template":"elementor_header_footer","meta":{"_joinchat":[],"footnotes":""},"class_list":["post-336","page","type-page","status-publish","hentry"],"yoast_head":"<!-- This site is optimized with the Yoast SEO plugin v25.0 - https:\/\/yoast.com\/wordpress\/plugins\/seo\/ -->\n<title>Pol\u00edtica de Cookies - taxivalenciatransfer.net<\/title>\n<meta name=\"robots\" content=\"noindex, follow\" \/>\n<meta property=\"og:locale\" content=\"en_US\" \/>\n<meta property=\"og:type\" content=\"article\" \/>\n<meta property=\"og:title\" content=\"Pol\u00edtica de Cookies - taxivalenciatransfer.net\" \/>\n<meta property=\"og:description\" content=\"Pol\u00edtica de Cookies Esta pol\u00edtica de cookies fue actualizada por \u00faltima vez en 29 Julio, 2024 y se aplica a los ciudadanos del Espacio Econ\u00f3mico Europeo. 1. Introducci\u00f3n Nuestro sitio web, https:\/\/taxivalenciatransfer.net\/\u00a0(en adelante: \u201cel sitio web\u201d) usa cookies y otras tecnolog\u00edas relacionadas (para mayor comodidad, todas las tecnolog\u00edas se denominar\u00e1n como \u201ccookies\u201d). Las cookies tambi\u00e9n [&hellip;]\" \/>\n<meta property=\"og:url\" content=\"https:\/\/taxivalenciatransfer.net\/en\/politica-de-cookies\/\" \/>\n<meta property=\"og:site_name\" content=\"taxivalenciatransfer.net\" \/>\n<meta property=\"article:modified_time\" content=\"2025-05-01T11:36:25+00:00\" \/>\n<meta name=\"twitter:card\" content=\"summary_large_image\" \/>\n<meta name=\"twitter:label1\" content=\"Est. reading time\" \/>\n\t<meta name=\"twitter:data1\" content=\"5 minutes\" \/>\n<script type=\"application\/ld+json\" class=\"yoast-schema-graph\">{\"@context\":\"https:\/\/schema.org\",\"@graph\":[{\"@type\":\"WebPage\",\"@id\":\"https:\/\/taxivalenciatransfer.net\/politica-de-cookies\/\",\"url\":\"https:\/\/taxivalenciatransfer.net\/politica-de-cookies\/\",\"name\":\"Pol\u00edtica de Cookies - taxivalenciatransfer.net\",\"isPartOf\":{\"@id\":\"https:\/\/taxivalenciatransfer.net\/#website\"},\"datePublished\":\"2024-07-29T17:32:36+00:00\",\"dateModified\":\"2025-05-01T11:36:25+00:00\",\"breadcrumb\":{\"@id\":\"https:\/\/taxivalenciatransfer.net\/politica-de-cookies\/#breadcrumb\"},\"inLanguage\":\"en-US\",\"potentialAction\":[{\"@type\":\"ReadAction\",\"target\":[\"https:\/\/taxivalenciatransfer.net\/politica-de-cookies\/\"]}]},{\"@type\":\"BreadcrumbList\",\"@id\":\"https:\/\/taxivalenciatransfer.net\/politica-de-cookies\/#breadcrumb\",\"itemListElement\":[{\"@type\":\"ListItem\",\"position\":1,\"name\":\"Portada\",\"item\":\"https:\/\/taxivalenciatransfer.net\/\"},{\"@type\":\"ListItem\",\"position\":2,\"name\":\"Pol\u00edtica de Cookies\"}]},{\"@type\":\"WebSite\",\"@id\":\"https:\/\/taxivalenciatransfer.net\/#website\",\"url\":\"https:\/\/taxivalenciatransfer.net\/\",\"name\":\"taxivalenciatransfer.net\",\"description\":\"\",\"potentialAction\":[{\"@type\":\"SearchAction\",\"target\":{\"@type\":\"EntryPoint\",\"urlTemplate\":\"https:\/\/taxivalenciatransfer.net\/?s={search_term_string}\"},\"query-input\":{\"@type\":\"PropertyValueSpecification\",\"valueRequired\":true,\"valueName\":\"search_term_string\"}}],\"inLanguage\":\"en-US\"}]}<\/script>\n<!-- \/ Yoast SEO plugin. -->","yoast_head_json":{"title":"Pol\u00edtica de Cookies - taxivalenciatransfer.net","robots":{"index":"noindex","follow":"follow"},"og_locale":"en_US","og_type":"article","og_title":"Pol\u00edtica de Cookies - taxivalenciatransfer.net","og_description":"Pol\u00edtica de Cookies Esta pol\u00edtica de cookies fue actualizada por \u00faltima vez en 29 Julio, 2024 y se aplica a los ciudadanos del Espacio Econ\u00f3mico Europeo. 1. Introducci\u00f3n Nuestro sitio web, https:\/\/taxivalenciatransfer.net\/\u00a0(en adelante: \u201cel sitio web\u201d) usa cookies y otras tecnolog\u00edas relacionadas (para mayor comodidad, todas las tecnolog\u00edas se denominar\u00e1n como \u201ccookies\u201d). Las cookies tambi\u00e9n [&hellip;]","og_url":"https:\/\/taxivalenciatransfer.net\/en\/politica-de-cookies\/","og_site_name":"taxivalenciatransfer.net","article_modified_time":"2025-05-01T11:36:25+00:00","twitter_card":"summary_large_image","twitter_misc":{"Est. reading time":"5 minutes"},"schema":{"@context":"https:\/\/schema.org","@graph":[{"@type":"WebPage","@id":"https:\/\/taxivalenciatransfer.net\/politica-de-cookies\/","url":"https:\/\/taxivalenciatransfer.net\/politica-de-cookies\/","name":"Pol\u00edtica de Cookies - taxivalenciatransfer.net","isPartOf":{"@id":"https:\/\/taxivalenciatransfer.net\/#website"},"datePublished":"2024-07-29T17:32:36+00:00","dateModified":"2025-05-01T11:36:25+00:00","breadcrumb":{"@id":"https:\/\/taxivalenciatransfer.net\/politica-de-cookies\/#breadcrumb"},"inLanguage":"en-US","potentialAction":[{"@type":"ReadAction","target":["https:\/\/taxivalenciatransfer.net\/politica-de-cookies\/"]}]},{"@type":"BreadcrumbList","@id":"https:\/\/taxivalenciatransfer.net\/politica-de-cookies\/#breadcrumb","itemListElement":[{"@type":"ListItem","position":1,"name":"Portada","item":"https:\/\/taxivalenciatransfer.net\/"},{"@type":"ListItem","position":2,"name":"Pol\u00edtica de Cookies"}]},{"@type":"WebSite","@id":"https:\/\/taxivalenciatransfer.net\/#website","url":"https:\/\/taxivalenciatransfer.net\/","name":"taxivalenciatransfer.net","description":"","potentialAction":[{"@type":"SearchAction","target":{"@type":"EntryPoint","urlTemplate":"https:\/\/taxivalenciatransfer.net\/?s={search_term_string}"},"query-input":{"@type":"PropertyValueSpecification","valueRequired":true,"valueName":"search_term_string"}}],"inLanguage":"en-US"}]}},"_links":{"self":[{"href":"https:\/\/taxivalenciatransfer.net\/en\/wp-json\/wp\/v2\/pages\/336"}],"collection":[{"href":"https:\/\/taxivalenciatransfer.net\/en\/wp-json\/wp\/v2\/pages"}],"about":[{"href":"https:\/\/taxivalenciatransfer.net\/en\/wp-json\/wp\/v2\/types\/page"}],"author":[{"embeddable":true,"href":"https:\/\/taxivalenciatransfer.net\/en\/wp-json\/wp\/v2\/users\/1"}],"replies":[{"embeddable":true,"href":"https:\/\/taxivalenciatransfer.net\/en\/wp-json\/wp\/v2\/comments?post=336"}],"version-history":[{"count":5,"href":"https:\/\/taxivalenciatransfer.net\/en\/wp-json\/wp\/v2\/pages\/336\/revisions"}],"predecessor-version":[{"id":575,"href":"https:\/\/taxivalenciatransfer.net\/en\/wp-json\/wp\/v2\/pages\/336\/revisions\/575"}],"wp:attachment":[{"href":"https:\/\/taxivalenciatransfer.net\/en\/wp-json\/wp\/v2\/media?parent=336"}],"curies":[{"name":"wp","href":"https:\/\/api.w.org\/{rel}","templated":true}]}}