{"id":318,"date":"2024-07-29T17:15:33","date_gmt":"2024-07-29T17:15:33","guid":{"rendered":"https:\/\/taxivalenciatransfer.net\/?page_id=318"},"modified":"2025-05-01T11:36:32","modified_gmt":"2025-05-01T11:36:32","slug":"declaracion-de-accesibilidad","status":"publish","type":"page","link":"https:\/\/taxivalenciatransfer.net\/en\/declaracion-de-accesibilidad\/","title":{"rendered":"Declaracion de accesibilidad"},"content":{"rendered":"<div data-elementor-type=\"wp-page\" data-elementor-id=\"318\" class=\"elementor elementor-318\" data-elementor-post-type=\"page\">\n\t\t\t\t<div class=\"elementor-element elementor-element-22d6c8df e-flex e-con-boxed e-con e-parent\" data-id=\"22d6c8df\" data-element_type=\"container\" data-e-type=\"container\" data-settings=\"{&quot;background_background&quot;:&quot;classic&quot;}\">\n\t\t\t\t\t<div class=\"e-con-inner\">\n\t\t\t\t<div class=\"elementor-element elementor-element-a53fdd3 elementor-widget elementor-widget-heading\" data-id=\"a53fdd3\" data-element_type=\"widget\" data-e-type=\"widget\" data-widget_type=\"heading.default\">\n\t\t\t\t<div class=\"elementor-widget-container\">\n\t\t\t\t\t<h1 class=\"elementor-heading-title elementor-size-default\">Accessibility statement\n<\/h1>\t\t\t\t<\/div>\n\t\t\t\t<\/div>\n\t\t\t\t\t<\/div>\n\t\t\t\t<\/div>\n\t\t<div class=\"elementor-element elementor-element-3240a3a5 e-flex e-con-boxed e-con e-parent\" data-id=\"3240a3a5\" data-element_type=\"container\" data-e-type=\"container\">\n\t\t\t\t\t<div class=\"e-con-inner\">\n\t\t\t\t<div class=\"elementor-element elementor-element-25f5a3ed elementor-invisible elementor-widget elementor-widget-jkit_heading\" data-id=\"25f5a3ed\" data-element_type=\"widget\" data-e-type=\"widget\" data-settings=\"{&quot;_animation&quot;:&quot;slideInDown&quot;}\" data-widget_type=\"jkit_heading.default\">\n\t\t\t\t<div class=\"elementor-widget-container\">\n\t\t\t\t\t<div  class=\"jeg-elementor-kit jkit-heading  align-left align-tablet- align-mobile- jeg_module___6a091760002f2\" ><div class=\"heading-section-title  display-inline-block\"><h2 class=\"heading-title\"><\/h2><\/div><div class=\"heading-section-description\"><p>In the construction of the website https:\/\/taxivalenciatransfer.net\/ measures have been adopted with the aim of ensuring that the greatest possible number of people can access the information transmitted therein, regardless of the limitations of the person or those arising from the context of use.<\/p><p>Thus, in the preparation of the portal have been taken into account the following aspects:<\/p><ul><li>Using CSS for the presentation of the information.<\/li><li>Tags marking.<\/li><li>Navigation systems usable, intuitive, and alternative.<\/li><li>Descriptions alternatives in the images.<\/li><li>Checks on the display with different browsers and devices.<\/li><li>Use of universal formats and alternative.<\/li><li>Links provide details of the function or destination of the hyperlink.<\/li><li>Use of W3C standards.<\/li><li>Access via shortcuts keyboard to the main options.<\/li><\/ul><h3 class=\"wp-block-heading\">Standards compliance<\/h3><p>The pages of this Website conform to the AA, according to Standard UNE 139803:2004 and the Guidelines of Web Content Accessibility 1.0 of the W3C. All the requirements of the Priority 1 and Priority 2 and a subset of the requirements of Priority 3 have been tested with a manual analysis of the accessibility, through different tools, semi-automatic and user agents.<\/p><h3 class=\"wp-block-heading\">Keyboard shortcuts<\/h3><p>On this Website you can do jumps sorted on the content using the Tab key.<\/p><h3 class=\"wp-block-heading\">Text size<\/h3><p>Accessible design allows the user to adjust the font size that suits you best. This action can be carried out in different ways depending on the web browser you are using. Below is the action menu where you will find this functionality in browsers faq:<\/p><ul><li>Mozilla Firefox: View &gt; text Size &gt; Increase Internet<\/li><li>Internet Explorer: View &gt; text Size &gt; largest<\/li><li>Opera: View &gt; Zoom &gt; %<\/li><li>Safari: View &gt; Make text bigger<\/li><li>Google Chrome: Tools &gt; Zoom<\/li><\/ul><h3 class=\"wp-block-heading\">Technical configuration<\/h3><p>The web pages are created with WordPress CMS 6.1.1.<\/p><h3 class=\"wp-block-heading\">Useful information about the accessibility of<\/h3><p>He then outlines a series of links organized into different categories useful to obtain more information about the accessibility.<\/p><h4 class=\"wp-block-heading\">Accessibility standards and technical documents:<\/h4><p><a href=\"http:\/\/www.w3c.org\/\" target=\"_blank\" rel=\"noreferrer noopener\">http:\/\/www.w3c.org\/<\/a><br \/>World Wide Web consortium, a working group of international scope that dictates the general lines associated with the website.<\/p><p><a href=\"http:\/\/www.w3c.org\/wai\/\" target=\"_blank\" rel=\"noreferrer noopener\">http:\/\/www.w3c.org\/wai\/<\/a><br \/>Web Accessibility initiative of the W3C.<\/p><\/div><\/div>\t\t\t\t<\/div>\n\t\t\t\t<\/div>\n\t\t\t\t\t<\/div>\n\t\t\t\t<\/div>\n\t\t\t\t<\/div>","protected":false},"excerpt":{"rendered":"<p>Declaraci\u00f3n de Accesibilidad En la construcci\u00f3n de la p\u00e1gina web de https:\/\/taxivalenciatransfer.net\/ se han adoptado medidas con el objetivo de que el mayor n\u00famero posible de personas puedan llegar a la informaci\u00f3n que se transmite en ella, independientemente de las limitaciones de la persona o de las que se deriven del contexto de uso. As\u00ed, [&hellip;]<\/p>","protected":false},"author":1,"featured_media":0,"parent":0,"menu_order":0,"comment_status":"closed","ping_status":"closed","template":"elementor_header_footer","meta":{"_joinchat":[],"footnotes":""},"class_list":["post-318","page","type-page","status-publish","hentry"],"yoast_head":"<!-- This site is optimized with the Yoast SEO plugin v25.0 - https:\/\/yoast.com\/wordpress\/plugins\/seo\/ -->\n<title>Declaracion de accesibilidad - taxivalenciatransfer.net<\/title>\n<meta name=\"robots\" content=\"noindex, follow\" \/>\n<meta property=\"og:locale\" content=\"en_US\" \/>\n<meta property=\"og:type\" content=\"article\" \/>\n<meta property=\"og:title\" content=\"Declaracion de accesibilidad - taxivalenciatransfer.net\" \/>\n<meta property=\"og:description\" content=\"Declaraci\u00f3n de Accesibilidad En la construcci\u00f3n de la p\u00e1gina web de https:\/\/taxivalenciatransfer.net\/ se han adoptado medidas con el objetivo de que el mayor n\u00famero posible de personas puedan llegar a la informaci\u00f3n que se transmite en ella, independientemente de las limitaciones de la persona o de las que se deriven del contexto de uso. As\u00ed, [&hellip;]\" \/>\n<meta property=\"og:url\" content=\"https:\/\/taxivalenciatransfer.net\/en\/declaracion-de-accesibilidad\/\" \/>\n<meta property=\"og:site_name\" content=\"taxivalenciatransfer.net\" \/>\n<meta property=\"article:modified_time\" content=\"2025-05-01T11:36:32+00:00\" \/>\n<meta name=\"twitter:card\" content=\"summary_large_image\" \/>\n<meta name=\"twitter:label1\" content=\"Est. reading time\" \/>\n\t<meta name=\"twitter:data1\" content=\"2 minutes\" \/>\n<script type=\"application\/ld+json\" class=\"yoast-schema-graph\">{\"@context\":\"https:\/\/schema.org\",\"@graph\":[{\"@type\":\"WebPage\",\"@id\":\"https:\/\/taxivalenciatransfer.net\/declaracion-de-accesibilidad\/\",\"url\":\"https:\/\/taxivalenciatransfer.net\/declaracion-de-accesibilidad\/\",\"name\":\"Declaracion de accesibilidad - taxivalenciatransfer.net\",\"isPartOf\":{\"@id\":\"https:\/\/taxivalenciatransfer.net\/#website\"},\"datePublished\":\"2024-07-29T17:15:33+00:00\",\"dateModified\":\"2025-05-01T11:36:32+00:00\",\"breadcrumb\":{\"@id\":\"https:\/\/taxivalenciatransfer.net\/declaracion-de-accesibilidad\/#breadcrumb\"},\"inLanguage\":\"en-US\",\"potentialAction\":[{\"@type\":\"ReadAction\",\"target\":[\"https:\/\/taxivalenciatransfer.net\/declaracion-de-accesibilidad\/\"]}]},{\"@type\":\"BreadcrumbList\",\"@id\":\"https:\/\/taxivalenciatransfer.net\/declaracion-de-accesibilidad\/#breadcrumb\",\"itemListElement\":[{\"@type\":\"ListItem\",\"position\":1,\"name\":\"Portada\",\"item\":\"https:\/\/taxivalenciatransfer.net\/\"},{\"@type\":\"ListItem\",\"position\":2,\"name\":\"Declaracion de accesibilidad\"}]},{\"@type\":\"WebSite\",\"@id\":\"https:\/\/taxivalenciatransfer.net\/#website\",\"url\":\"https:\/\/taxivalenciatransfer.net\/\",\"name\":\"taxivalenciatransfer.net\",\"description\":\"\",\"potentialAction\":[{\"@type\":\"SearchAction\",\"target\":{\"@type\":\"EntryPoint\",\"urlTemplate\":\"https:\/\/taxivalenciatransfer.net\/?s={search_term_string}\"},\"query-input\":{\"@type\":\"PropertyValueSpecification\",\"valueRequired\":true,\"valueName\":\"search_term_string\"}}],\"inLanguage\":\"en-US\"}]}<\/script>\n<!-- \/ Yoast SEO plugin. -->","yoast_head_json":{"title":"Declaracion de accesibilidad - taxivalenciatransfer.net","robots":{"index":"noindex","follow":"follow"},"og_locale":"en_US","og_type":"article","og_title":"Declaracion de accesibilidad - taxivalenciatransfer.net","og_description":"Declaraci\u00f3n de Accesibilidad En la construcci\u00f3n de la p\u00e1gina web de https:\/\/taxivalenciatransfer.net\/ se han adoptado medidas con el objetivo de que el mayor n\u00famero posible de personas puedan llegar a la informaci\u00f3n que se transmite en ella, independientemente de las limitaciones de la persona o de las que se deriven del contexto de uso. As\u00ed, [&hellip;]","og_url":"https:\/\/taxivalenciatransfer.net\/en\/declaracion-de-accesibilidad\/","og_site_name":"taxivalenciatransfer.net","article_modified_time":"2025-05-01T11:36:32+00:00","twitter_card":"summary_large_image","twitter_misc":{"Est. reading time":"2 minutes"},"schema":{"@context":"https:\/\/schema.org","@graph":[{"@type":"WebPage","@id":"https:\/\/taxivalenciatransfer.net\/declaracion-de-accesibilidad\/","url":"https:\/\/taxivalenciatransfer.net\/declaracion-de-accesibilidad\/","name":"Declaracion de accesibilidad - taxivalenciatransfer.net","isPartOf":{"@id":"https:\/\/taxivalenciatransfer.net\/#website"},"datePublished":"2024-07-29T17:15:33+00:00","dateModified":"2025-05-01T11:36:32+00:00","breadcrumb":{"@id":"https:\/\/taxivalenciatransfer.net\/declaracion-de-accesibilidad\/#breadcrumb"},"inLanguage":"en-US","potentialAction":[{"@type":"ReadAction","target":["https:\/\/taxivalenciatransfer.net\/declaracion-de-accesibilidad\/"]}]},{"@type":"BreadcrumbList","@id":"https:\/\/taxivalenciatransfer.net\/declaracion-de-accesibilidad\/#breadcrumb","itemListElement":[{"@type":"ListItem","position":1,"name":"Portada","item":"https:\/\/taxivalenciatransfer.net\/"},{"@type":"ListItem","position":2,"name":"Declaracion de accesibilidad"}]},{"@type":"WebSite","@id":"https:\/\/taxivalenciatransfer.net\/#website","url":"https:\/\/taxivalenciatransfer.net\/","name":"taxivalenciatransfer.net","description":"","potentialAction":[{"@type":"SearchAction","target":{"@type":"EntryPoint","urlTemplate":"https:\/\/taxivalenciatransfer.net\/?s={search_term_string}"},"query-input":{"@type":"PropertyValueSpecification","valueRequired":true,"valueName":"search_term_string"}}],"inLanguage":"en-US"}]}},"_links":{"self":[{"href":"https:\/\/taxivalenciatransfer.net\/en\/wp-json\/wp\/v2\/pages\/318"}],"collection":[{"href":"https:\/\/taxivalenciatransfer.net\/en\/wp-json\/wp\/v2\/pages"}],"about":[{"href":"https:\/\/taxivalenciatransfer.net\/en\/wp-json\/wp\/v2\/types\/page"}],"author":[{"embeddable":true,"href":"https:\/\/taxivalenciatransfer.net\/en\/wp-json\/wp\/v2\/users\/1"}],"replies":[{"embeddable":true,"href":"https:\/\/taxivalenciatransfer.net\/en\/wp-json\/wp\/v2\/comments?post=318"}],"version-history":[{"count":5,"href":"https:\/\/taxivalenciatransfer.net\/en\/wp-json\/wp\/v2\/pages\/318\/revisions"}],"predecessor-version":[{"id":581,"href":"https:\/\/taxivalenciatransfer.net\/en\/wp-json\/wp\/v2\/pages\/318\/revisions\/581"}],"wp:attachment":[{"href":"https:\/\/taxivalenciatransfer.net\/en\/wp-json\/wp\/v2\/media?parent=318"}],"curies":[{"name":"wp","href":"https:\/\/api.w.org\/{rel}","templated":true}]}}