{"id":239,"date":"2024-07-22T23:15:00","date_gmt":"2024-07-22T23:15:00","guid":{"rendered":"https:\/\/taxivalenciatransfer.net\/?page_id=239"},"modified":"2025-05-01T11:36:37","modified_gmt":"2025-05-01T11:36:37","slug":"aviso-legal","status":"publish","type":"page","link":"https:\/\/taxivalenciatransfer.net\/en\/aviso-legal\/","title":{"rendered":"Legal Notice"},"content":{"rendered":"<div data-elementor-type=\"wp-page\" data-elementor-id=\"239\" class=\"elementor elementor-239\" data-elementor-post-type=\"page\">\n\t\t\t\t<div class=\"elementor-element elementor-element-60923b76 e-flex e-con-boxed e-con e-parent\" data-id=\"60923b76\" data-element_type=\"container\" data-e-type=\"container\" data-settings=\"{&quot;background_background&quot;:&quot;classic&quot;}\">\n\t\t\t\t\t<div class=\"e-con-inner\">\n\t\t\t\t<div class=\"elementor-element elementor-element-258b77ef elementor-widget elementor-widget-heading\" data-id=\"258b77ef\" data-element_type=\"widget\" data-e-type=\"widget\" data-widget_type=\"heading.default\">\n\t\t\t\t<div class=\"elementor-widget-container\">\n\t\t\t\t\t<h1 class=\"elementor-heading-title elementor-size-default\">Legal Notice<\/h1>\t\t\t\t<\/div>\n\t\t\t\t<\/div>\n\t\t\t\t\t<\/div>\n\t\t\t\t<\/div>\n\t\t<div class=\"elementor-element elementor-element-ac046e4 e-flex e-con-boxed e-con e-parent\" data-id=\"ac046e4\" data-element_type=\"container\" data-e-type=\"container\">\n\t\t\t\t\t<div class=\"e-con-inner\">\n\t\t\t\t<div class=\"elementor-element elementor-element-3cbae114 elementor-invisible elementor-widget elementor-widget-jkit_heading\" data-id=\"3cbae114\" data-element_type=\"widget\" data-e-type=\"widget\" data-settings=\"{&quot;_animation&quot;:&quot;slideInDown&quot;}\" data-widget_type=\"jkit_heading.default\">\n\t\t\t\t<div class=\"elementor-widget-container\">\n\t\t\t\t\t<div  class=\"jeg-elementor-kit jkit-heading  align-left align-tablet- align-mobile- jeg_module___6a09173d08ee2\" ><div class=\"heading-section-title  display-inline-block\"><h2 class=\"heading-title\"><\/h2><\/div><div class=\"heading-section-description\"><p>Sergio Cebri\u00e1n Valiente is committed to keeping this website up to date and accurate. If, despite everything, you find something incorrect or out of date, we would appreciate it if you would let us know. Please indicate where on the website you have read the information. We will then review it as soon as possible. Please send your query by email to: info@taxivalenciatransfer.net<\/p><p>We are not liable for loss resulting from inaccuracies or incompleteness, nor for loss resulting from problems caused by or inherent in the dissemination of information via the Internet, such as disruptions or interruptions. When using web forms, we endeavour to limit the number of mandatory fields to a minimum. For any loss suffered as a result of the use of data, advice or ideas provided by or on behalf of Sergio Cebri\u00e1n Valiente through this website, Sergio Cebri\u00e1n Valiente accepts no liability.<\/p><p>Privacy responses and questions sent by email or via a web form will be treated in the same way as letters. This means that you can expect a response from us within 1 month at the latest. In the case of complex requests, we will inform you within 1 month if we need a maximum of 3 months.<\/p><p>Any personal data you provide to us in the context of your response or request for information will only be used in accordance with our privacy statement.<\/p><p>Sergio Cebri\u00e1n Valiente must make every reasonable effort to protect systems against any form of illegal use. Sergio Cebri\u00e1n Valiente will apply the appropriate technical and organizational measures for this purpose, taking into account, among other things, the current state of the art. However, Sergio Cebri\u00e1n Valiente is not responsible for any direct and\/or indirect damage suffered by the user of the website, arising from the illegal use of its systems by a third party.<\/p><p>Sergio Cebri\u00e1n Valiente is not responsible for the content of web pages referred to through hyperlinks or other references. Products or services offered by third parties will be subject to the applicable terms and conditions of said third parties.<\/p><p>Our employees will do their best to ensure the accessibility of our website and to continuously improve it. This includes for people who use special software due to a disability.<\/p><p>This website is built according to WCAG 2.1 AA level guidelines. These guidelines are internationally recognized agreements on accessibility, sustainability, interchangeability and searchability of websites.<\/p><p>All intellectual property rights in the content of this website belong to third parties who have placed the content themselves or from whom Sergio Cebri\u00e1n Valiente has obtained a user license.<\/p><p>Copying, dissemination and any other use of these materials is not permitted without the written permission of Sergio Cebri\u00e1n Valiente, except and only to the extent otherwise provided for in mandatory law regulations (such as the right to quote), unless the specific content dictates otherwise.<\/p><p>If you have any questions or issues regarding website accessibility, please feel free to contact us.<\/p><\/div><\/div>\t\t\t\t<\/div>\n\t\t\t\t<\/div>\n\t\t\t\t\t<\/div>\n\t\t\t\t<\/div>\n\t\t\t\t<\/div>","protected":false},"excerpt":{"rendered":"<p>Aviso Legal Sergio Cebri\u00e1n Valiente se compromete a mantener este sitio web actualizado y preciso. Si, a pesar de todo, encontrara algo incorrecto o desactualizado, le agradecer\u00edamos que nos lo hiciera saber. Por favor, indique en qu\u00e9 parte del sitio web ha le\u00eddo la informaci\u00f3n. Entonces lo examinaremos lo antes posible. Por favor, env\u00ede su [&hellip;]<\/p>","protected":false},"author":1,"featured_media":0,"parent":0,"menu_order":0,"comment_status":"closed","ping_status":"closed","template":"elementor_header_footer","meta":{"_joinchat":[],"footnotes":""},"class_list":["post-239","page","type-page","status-publish","hentry"],"yoast_head":"<!-- This site is optimized with the Yoast SEO plugin v25.0 - https:\/\/yoast.com\/wordpress\/plugins\/seo\/ -->\n<title>Aviso Legal - taxivalenciatransfer.net<\/title>\n<meta name=\"robots\" content=\"noindex, follow\" \/>\n<meta property=\"og:locale\" content=\"en_US\" \/>\n<meta property=\"og:type\" content=\"article\" \/>\n<meta property=\"og:title\" content=\"Aviso Legal - taxivalenciatransfer.net\" \/>\n<meta property=\"og:description\" content=\"Aviso Legal Sergio Cebri\u00e1n Valiente se compromete a mantener este sitio web actualizado y preciso. Si, a pesar de todo, encontrara algo incorrecto o desactualizado, le agradecer\u00edamos que nos lo hiciera saber. Por favor, indique en qu\u00e9 parte del sitio web ha le\u00eddo la informaci\u00f3n. Entonces lo examinaremos lo antes posible. Por favor, env\u00ede su [&hellip;]\" \/>\n<meta property=\"og:url\" content=\"https:\/\/taxivalenciatransfer.net\/en\/aviso-legal\/\" \/>\n<meta property=\"og:site_name\" content=\"taxivalenciatransfer.net\" \/>\n<meta property=\"article:modified_time\" content=\"2025-05-01T11:36:37+00:00\" \/>\n<meta name=\"twitter:card\" content=\"summary_large_image\" \/>\n<meta name=\"twitter:label1\" content=\"Est. reading time\" \/>\n\t<meta name=\"twitter:data1\" content=\"3 minutes\" \/>\n<script type=\"application\/ld+json\" class=\"yoast-schema-graph\">{\"@context\":\"https:\/\/schema.org\",\"@graph\":[{\"@type\":\"WebPage\",\"@id\":\"https:\/\/taxivalenciatransfer.net\/aviso-legal\/\",\"url\":\"https:\/\/taxivalenciatransfer.net\/aviso-legal\/\",\"name\":\"Aviso Legal - taxivalenciatransfer.net\",\"isPartOf\":{\"@id\":\"https:\/\/taxivalenciatransfer.net\/#website\"},\"datePublished\":\"2024-07-22T23:15:00+00:00\",\"dateModified\":\"2025-05-01T11:36:37+00:00\",\"breadcrumb\":{\"@id\":\"https:\/\/taxivalenciatransfer.net\/aviso-legal\/#breadcrumb\"},\"inLanguage\":\"en-US\",\"potentialAction\":[{\"@type\":\"ReadAction\",\"target\":[\"https:\/\/taxivalenciatransfer.net\/aviso-legal\/\"]}]},{\"@type\":\"BreadcrumbList\",\"@id\":\"https:\/\/taxivalenciatransfer.net\/aviso-legal\/#breadcrumb\",\"itemListElement\":[{\"@type\":\"ListItem\",\"position\":1,\"name\":\"Portada\",\"item\":\"https:\/\/taxivalenciatransfer.net\/\"},{\"@type\":\"ListItem\",\"position\":2,\"name\":\"Aviso Legal\"}]},{\"@type\":\"WebSite\",\"@id\":\"https:\/\/taxivalenciatransfer.net\/#website\",\"url\":\"https:\/\/taxivalenciatransfer.net\/\",\"name\":\"taxivalenciatransfer.net\",\"description\":\"\",\"potentialAction\":[{\"@type\":\"SearchAction\",\"target\":{\"@type\":\"EntryPoint\",\"urlTemplate\":\"https:\/\/taxivalenciatransfer.net\/?s={search_term_string}\"},\"query-input\":{\"@type\":\"PropertyValueSpecification\",\"valueRequired\":true,\"valueName\":\"search_term_string\"}}],\"inLanguage\":\"en-US\"}]}<\/script>\n<!-- \/ Yoast SEO plugin. -->","yoast_head_json":{"title":"Aviso Legal - taxivalenciatransfer.net","robots":{"index":"noindex","follow":"follow"},"og_locale":"en_US","og_type":"article","og_title":"Aviso Legal - taxivalenciatransfer.net","og_description":"Aviso Legal Sergio Cebri\u00e1n Valiente se compromete a mantener este sitio web actualizado y preciso. Si, a pesar de todo, encontrara algo incorrecto o desactualizado, le agradecer\u00edamos que nos lo hiciera saber. Por favor, indique en qu\u00e9 parte del sitio web ha le\u00eddo la informaci\u00f3n. Entonces lo examinaremos lo antes posible. Por favor, env\u00ede su [&hellip;]","og_url":"https:\/\/taxivalenciatransfer.net\/en\/aviso-legal\/","og_site_name":"taxivalenciatransfer.net","article_modified_time":"2025-05-01T11:36:37+00:00","twitter_card":"summary_large_image","twitter_misc":{"Est. reading time":"3 minutes"},"schema":{"@context":"https:\/\/schema.org","@graph":[{"@type":"WebPage","@id":"https:\/\/taxivalenciatransfer.net\/aviso-legal\/","url":"https:\/\/taxivalenciatransfer.net\/aviso-legal\/","name":"Aviso Legal - taxivalenciatransfer.net","isPartOf":{"@id":"https:\/\/taxivalenciatransfer.net\/#website"},"datePublished":"2024-07-22T23:15:00+00:00","dateModified":"2025-05-01T11:36:37+00:00","breadcrumb":{"@id":"https:\/\/taxivalenciatransfer.net\/aviso-legal\/#breadcrumb"},"inLanguage":"en-US","potentialAction":[{"@type":"ReadAction","target":["https:\/\/taxivalenciatransfer.net\/aviso-legal\/"]}]},{"@type":"BreadcrumbList","@id":"https:\/\/taxivalenciatransfer.net\/aviso-legal\/#breadcrumb","itemListElement":[{"@type":"ListItem","position":1,"name":"Portada","item":"https:\/\/taxivalenciatransfer.net\/"},{"@type":"ListItem","position":2,"name":"Aviso Legal"}]},{"@type":"WebSite","@id":"https:\/\/taxivalenciatransfer.net\/#website","url":"https:\/\/taxivalenciatransfer.net\/","name":"taxivalenciatransfer.net","description":"","potentialAction":[{"@type":"SearchAction","target":{"@type":"EntryPoint","urlTemplate":"https:\/\/taxivalenciatransfer.net\/?s={search_term_string}"},"query-input":{"@type":"PropertyValueSpecification","valueRequired":true,"valueName":"search_term_string"}}],"inLanguage":"en-US"}]}},"_links":{"self":[{"href":"https:\/\/taxivalenciatransfer.net\/en\/wp-json\/wp\/v2\/pages\/239"}],"collection":[{"href":"https:\/\/taxivalenciatransfer.net\/en\/wp-json\/wp\/v2\/pages"}],"about":[{"href":"https:\/\/taxivalenciatransfer.net\/en\/wp-json\/wp\/v2\/types\/page"}],"author":[{"embeddable":true,"href":"https:\/\/taxivalenciatransfer.net\/en\/wp-json\/wp\/v2\/users\/1"}],"replies":[{"embeddable":true,"href":"https:\/\/taxivalenciatransfer.net\/en\/wp-json\/wp\/v2\/comments?post=239"}],"version-history":[{"count":5,"href":"https:\/\/taxivalenciatransfer.net\/en\/wp-json\/wp\/v2\/pages\/239\/revisions"}],"predecessor-version":[{"id":572,"href":"https:\/\/taxivalenciatransfer.net\/en\/wp-json\/wp\/v2\/pages\/239\/revisions\/572"}],"wp:attachment":[{"href":"https:\/\/taxivalenciatransfer.net\/en\/wp-json\/wp\/v2\/media?parent=239"}],"curies":[{"name":"wp","href":"https:\/\/api.w.org\/{rel}","templated":true}]}}