{"id":205,"date":"2024-07-22T22:44:30","date_gmt":"2024-07-22T22:44:30","guid":{"rendered":"https:\/\/taxivalenciatransfer.net\/?page_id=205"},"modified":"2025-05-01T11:36:19","modified_gmt":"2025-05-01T11:36:19","slug":"politica-privacidad","status":"publish","type":"page","link":"https:\/\/taxivalenciatransfer.net\/en\/politica-privacidad\/","title":{"rendered":"Politica privacidad"},"content":{"rendered":"<div data-elementor-type=\"wp-page\" data-elementor-id=\"205\" class=\"elementor elementor-205\" data-elementor-post-type=\"page\">\n\t\t\t\t<div class=\"elementor-element elementor-element-30979f1e e-flex e-con-boxed e-con e-parent\" data-id=\"30979f1e\" data-element_type=\"container\" data-e-type=\"container\" data-settings=\"{&quot;background_background&quot;:&quot;classic&quot;}\">\n\t\t\t\t\t<div class=\"e-con-inner\">\n\t\t\t\t<div class=\"elementor-element elementor-element-5543a080 elementor-widget elementor-widget-heading\" data-id=\"5543a080\" data-element_type=\"widget\" data-e-type=\"widget\" data-widget_type=\"heading.default\">\n\t\t\t\t<div class=\"elementor-widget-container\">\n\t\t\t\t\t<h1 class=\"elementor-heading-title elementor-size-default\">Privacy policy\n<\/h1>\t\t\t\t<\/div>\n\t\t\t\t<\/div>\n\t\t\t\t\t<\/div>\n\t\t\t\t<\/div>\n\t\t<div class=\"elementor-element elementor-element-7cd77cf7 e-flex e-con-boxed e-con e-parent\" data-id=\"7cd77cf7\" data-element_type=\"container\" data-e-type=\"container\">\n\t\t\t\t\t<div class=\"e-con-inner\">\n\t\t\t\t<div class=\"elementor-element elementor-element-7ca2c8b4 elementor-invisible elementor-widget elementor-widget-jkit_heading\" data-id=\"7ca2c8b4\" data-element_type=\"widget\" data-e-type=\"widget\" data-settings=\"{&quot;_animation&quot;:&quot;slideInDown&quot;}\" data-widget_type=\"jkit_heading.default\">\n\t\t\t\t<div class=\"elementor-widget-container\">\n\t\t\t\t\t<div  class=\"jeg-elementor-kit jkit-heading  align-left align-tablet- align-mobile- jeg_module___6a09173d08e9a\" ><div class=\"heading-section-title  display-inline-block\"><h2 class=\"heading-title\"><\/h2><\/div><div class=\"heading-section-description\"><p>In this privacy statement, we explain what we do with the data we obtain about you through https:\/\/taxivalenciatransfer.net\/ We recommend that you read this statement carefully. In our processing we comply with the requirements of privacy legislation. Which means, among other things, that:<\/p><ul><li>indicate clearly the purposes for which we process personal data. We do this by means of this privacy statement.<\/li><li>our goal is to limit our collection of personal data to personal data needed for legitimate purposes.<\/li><li>in the first place, we ask for your explicit consent to the processing of your personal data in cases where it is necessary.<\/li><li>we take appropriate security measures to protect your personal data and also require the parties who process personal data on our behalf;<\/li><li>we respect your right to access, rectify or cancel their personal data upon request.<\/li><\/ul><p>If you have any questions or want to know exactly what data you store, please contact us.<\/p><h2 class=\"wp-block-heading\">1. Purpose, and data retention period<\/h2><p>1.1 Contact \u2013 By phone, mail, e-mail and\/or forms on the website. We will retain the data until the service is cancelled.<\/p><p>1.2 in order To comply with the legal obligations. We will retain the data until the service is cancelled.<\/p><p>1.3 Compilation and analysis of statistics for the improvement of the web site. We will retain the data until the service is cancelled.<\/p><h2 class=\"wp-block-heading\">2. Sharing with other parties<\/h2><p>We only share or disclose this data to the processors for the following purposes:<\/p><p>Processors of data.<\/p><h2 class=\"wp-block-heading\">3. Cookies<\/h2><p>Our website uses cookies. For more information about cookies, please refer to our Policy Statement of Cookies.We have a data processing agreement with Google.<\/p><h2 class=\"wp-block-heading\">4. Security<\/h2><p>We are committed to the security of personal data. We take appropriate security measures to limit abuse of and unauthorised access to personal data. This ensures that only the necessary people have access to your data, that access to data is protected and that our security measures are regularly reviewed.<\/p><h2 class=\"wp-block-heading\">5. Third party websites<\/h2><p>This privacy statement does not apply to third-party websites connected by links on our website. We cannot guarantee that these third parties handle your personal data in a reliable or secure. We recommend that you read the privacy statements of these websites before using them.<\/p><h2 class=\"wp-block-heading\">6. Privacy and referred to the statement of privacy<\/h2><p>We reserve the right to make amendments to this privacy statement. It is recommended that you consult this privacy statement regularly for any changes. In addition, you will actively whenever possible.<\/p><h2 class=\"wp-block-heading\">7. Access and modification of your data<\/h2><p>If you have any questions or would like to know what personal data we hold about you, please contact us. You can contact us using the information below. You have the following rights:<\/p><ul><li>You have the right to know why we need your personal data, what will happen with them, and for how long it is retained.<\/li><li>Right of access: you Have the right to access the personal data that we know about you.<\/li><li>Right of rectification: you have the right to add to, correct, delete or block your personal data whenever you want.<\/li><li>If you give us your consent to process your data, you have the right to revoke that consent and to delete their personal data.<\/li><li>Right to transfer your data: you have the right to request all your personal data to the controller and transfer it in its entirety to another controller.<\/li><li>Right of objection: you may object to the processing of their data. We comply with this, unless there are justified reasons for the processing.<\/li><\/ul><p>Please, make sure that you indicate clearly who you are, so that we can be sure we do not modify or delete any data of the wrong person.<\/p><h2 class=\"wp-block-heading\">8. Sending a complaint<\/h2><p>If you are not satisfied with the way we handle or process your personal data, you have the right to file a complaint to Data Protection Authority.<\/p><h2 class=\"wp-block-heading\">9. Responsible for the protection of data<\/h2><p>Our head of Data Protection has been registered with the data protection authority of a member State of the EU. If you have any question or request regarding this privacy statement or to the Responsible Data Protection, you can contact with Sergio Delgado Martorell, through or info@tecnologiayempresas.com<\/p><h2 class=\"wp-block-heading\">10. Contact details<\/h2><p>Sergio Cebri\u00e1n Brave<br \/>Avd. Retor Emilio Bayarri 9<\/p><p>46530 - Puzol Valencia<\/p><p>Web site:<\/p><p>https:\/\/taxivalenciatransfer.net\/<\/p><p>Phone number: 611108055<\/p><\/div><\/div>\t\t\t\t<\/div>\n\t\t\t\t<\/div>\n\t\t\t\t\t<\/div>\n\t\t\t\t<\/div>\n\t\t\t\t<\/div>","protected":false},"excerpt":{"rendered":"<p>Pol\u00edtica de privacidad En esta declaraci\u00f3n de privacidad, explicamos lo que hacemos con los datos que obtenemos sobre usted a trav\u00e9s de https:\/\/taxivalenciatransfer.net\/ Le recomendamos que lea atentamente esta declaraci\u00f3n. En nuestro procesamiento cumplimos con los requisitos de la legislaci\u00f3n de privacidad. Lo que significa, entre otras cosas, que: indicamos claramente los fines para los [&hellip;]<\/p>","protected":false},"author":1,"featured_media":0,"parent":0,"menu_order":0,"comment_status":"closed","ping_status":"closed","template":"elementor_header_footer","meta":{"_joinchat":[],"footnotes":""},"class_list":["post-205","page","type-page","status-publish","hentry"],"yoast_head":"<!-- This site is optimized with the Yoast SEO plugin v25.0 - https:\/\/yoast.com\/wordpress\/plugins\/seo\/ -->\n<title>Politica privacidad - taxivalenciatransfer.net<\/title>\n<meta name=\"robots\" content=\"noindex, follow\" \/>\n<meta property=\"og:locale\" content=\"en_US\" \/>\n<meta property=\"og:type\" content=\"article\" \/>\n<meta property=\"og:title\" content=\"Politica privacidad - taxivalenciatransfer.net\" \/>\n<meta property=\"og:description\" content=\"Pol\u00edtica de privacidad En esta declaraci\u00f3n de privacidad, explicamos lo que hacemos con los datos que obtenemos sobre usted a trav\u00e9s de https:\/\/taxivalenciatransfer.net\/ Le recomendamos que lea atentamente esta declaraci\u00f3n. En nuestro procesamiento cumplimos con los requisitos de la legislaci\u00f3n de privacidad. Lo que significa, entre otras cosas, que: indicamos claramente los fines para los [&hellip;]\" \/>\n<meta property=\"og:url\" content=\"https:\/\/taxivalenciatransfer.net\/en\/politica-privacidad\/\" \/>\n<meta property=\"og:site_name\" content=\"taxivalenciatransfer.net\" \/>\n<meta property=\"article:modified_time\" content=\"2025-05-01T11:36:19+00:00\" \/>\n<meta name=\"twitter:card\" content=\"summary_large_image\" \/>\n<meta name=\"twitter:label1\" content=\"Est. reading time\" \/>\n\t<meta name=\"twitter:data1\" content=\"4 minutes\" \/>\n<script type=\"application\/ld+json\" class=\"yoast-schema-graph\">{\"@context\":\"https:\/\/schema.org\",\"@graph\":[{\"@type\":\"WebPage\",\"@id\":\"https:\/\/taxivalenciatransfer.net\/politica-privacidad\/\",\"url\":\"https:\/\/taxivalenciatransfer.net\/politica-privacidad\/\",\"name\":\"Politica privacidad - taxivalenciatransfer.net\",\"isPartOf\":{\"@id\":\"https:\/\/taxivalenciatransfer.net\/#website\"},\"datePublished\":\"2024-07-22T22:44:30+00:00\",\"dateModified\":\"2025-05-01T11:36:19+00:00\",\"breadcrumb\":{\"@id\":\"https:\/\/taxivalenciatransfer.net\/politica-privacidad\/#breadcrumb\"},\"inLanguage\":\"en-US\",\"potentialAction\":[{\"@type\":\"ReadAction\",\"target\":[\"https:\/\/taxivalenciatransfer.net\/politica-privacidad\/\"]}]},{\"@type\":\"BreadcrumbList\",\"@id\":\"https:\/\/taxivalenciatransfer.net\/politica-privacidad\/#breadcrumb\",\"itemListElement\":[{\"@type\":\"ListItem\",\"position\":1,\"name\":\"Portada\",\"item\":\"https:\/\/taxivalenciatransfer.net\/\"},{\"@type\":\"ListItem\",\"position\":2,\"name\":\"Politica privacidad\"}]},{\"@type\":\"WebSite\",\"@id\":\"https:\/\/taxivalenciatransfer.net\/#website\",\"url\":\"https:\/\/taxivalenciatransfer.net\/\",\"name\":\"taxivalenciatransfer.net\",\"description\":\"\",\"potentialAction\":[{\"@type\":\"SearchAction\",\"target\":{\"@type\":\"EntryPoint\",\"urlTemplate\":\"https:\/\/taxivalenciatransfer.net\/?s={search_term_string}\"},\"query-input\":{\"@type\":\"PropertyValueSpecification\",\"valueRequired\":true,\"valueName\":\"search_term_string\"}}],\"inLanguage\":\"en-US\"}]}<\/script>\n<!-- \/ Yoast SEO plugin. -->","yoast_head_json":{"title":"Politica privacidad - taxivalenciatransfer.net","robots":{"index":"noindex","follow":"follow"},"og_locale":"en_US","og_type":"article","og_title":"Politica privacidad - taxivalenciatransfer.net","og_description":"Pol\u00edtica de privacidad En esta declaraci\u00f3n de privacidad, explicamos lo que hacemos con los datos que obtenemos sobre usted a trav\u00e9s de https:\/\/taxivalenciatransfer.net\/ Le recomendamos que lea atentamente esta declaraci\u00f3n. En nuestro procesamiento cumplimos con los requisitos de la legislaci\u00f3n de privacidad. Lo que significa, entre otras cosas, que: indicamos claramente los fines para los [&hellip;]","og_url":"https:\/\/taxivalenciatransfer.net\/en\/politica-privacidad\/","og_site_name":"taxivalenciatransfer.net","article_modified_time":"2025-05-01T11:36:19+00:00","twitter_card":"summary_large_image","twitter_misc":{"Est. reading time":"4 minutes"},"schema":{"@context":"https:\/\/schema.org","@graph":[{"@type":"WebPage","@id":"https:\/\/taxivalenciatransfer.net\/politica-privacidad\/","url":"https:\/\/taxivalenciatransfer.net\/politica-privacidad\/","name":"Politica privacidad - taxivalenciatransfer.net","isPartOf":{"@id":"https:\/\/taxivalenciatransfer.net\/#website"},"datePublished":"2024-07-22T22:44:30+00:00","dateModified":"2025-05-01T11:36:19+00:00","breadcrumb":{"@id":"https:\/\/taxivalenciatransfer.net\/politica-privacidad\/#breadcrumb"},"inLanguage":"en-US","potentialAction":[{"@type":"ReadAction","target":["https:\/\/taxivalenciatransfer.net\/politica-privacidad\/"]}]},{"@type":"BreadcrumbList","@id":"https:\/\/taxivalenciatransfer.net\/politica-privacidad\/#breadcrumb","itemListElement":[{"@type":"ListItem","position":1,"name":"Portada","item":"https:\/\/taxivalenciatransfer.net\/"},{"@type":"ListItem","position":2,"name":"Politica privacidad"}]},{"@type":"WebSite","@id":"https:\/\/taxivalenciatransfer.net\/#website","url":"https:\/\/taxivalenciatransfer.net\/","name":"taxivalenciatransfer.net","description":"","potentialAction":[{"@type":"SearchAction","target":{"@type":"EntryPoint","urlTemplate":"https:\/\/taxivalenciatransfer.net\/?s={search_term_string}"},"query-input":{"@type":"PropertyValueSpecification","valueRequired":true,"valueName":"search_term_string"}}],"inLanguage":"en-US"}]}},"_links":{"self":[{"href":"https:\/\/taxivalenciatransfer.net\/en\/wp-json\/wp\/v2\/pages\/205"}],"collection":[{"href":"https:\/\/taxivalenciatransfer.net\/en\/wp-json\/wp\/v2\/pages"}],"about":[{"href":"https:\/\/taxivalenciatransfer.net\/en\/wp-json\/wp\/v2\/types\/page"}],"author":[{"embeddable":true,"href":"https:\/\/taxivalenciatransfer.net\/en\/wp-json\/wp\/v2\/users\/1"}],"replies":[{"embeddable":true,"href":"https:\/\/taxivalenciatransfer.net\/en\/wp-json\/wp\/v2\/comments?post=205"}],"version-history":[{"count":5,"href":"https:\/\/taxivalenciatransfer.net\/en\/wp-json\/wp\/v2\/pages\/205\/revisions"}],"predecessor-version":[{"id":578,"href":"https:\/\/taxivalenciatransfer.net\/en\/wp-json\/wp\/v2\/pages\/205\/revisions\/578"}],"wp:attachment":[{"href":"https:\/\/taxivalenciatransfer.net\/en\/wp-json\/wp\/v2\/media?parent=205"}],"curies":[{"name":"wp","href":"https:\/\/api.w.org\/{rel}","templated":true}]}}